{"id":8302,"date":"2025-06-05T15:57:12","date_gmt":"2025-06-05T15:57:12","guid":{"rendered":"https:\/\/atemporal.casa\/contact\/"},"modified":"2025-09-17T04:47:48","modified_gmt":"2025-09-17T04:47:48","slug":"contact","status":"publish","type":"page","link":"https:\/\/atemporal.casa\/en\/contact\/","title":{"rendered":"Contact"},"content":{"rendered":"\t\t<div data-elementor-type=\"wp-page\" data-elementor-id=\"8302\" class=\"elementor elementor-8302 elementor-371\" data-elementor-post-type=\"page\">\n\t\t\t\t<div class=\"elementor-element elementor-element-c99797d e-flex e-con-boxed e-con e-parent\" data-id=\"c99797d\" data-element_type=\"container\" data-e-type=\"container\">\n\t\t\t\t\t<div class=\"e-con-inner\">\n\t\t\t\t<div class=\"elementor-element elementor-element-20c1cda elementor-widget elementor-widget-spacer\" data-id=\"20c1cda\" data-element_type=\"widget\" data-e-type=\"widget\" data-widget_type=\"spacer.default\">\n\t\t\t\t<div class=\"elementor-widget-container\">\n\t\t\t\t\t\t\t<div class=\"elementor-spacer\">\n\t\t\t<div class=\"elementor-spacer-inner\"><\/div>\n\t\t<\/div>\n\t\t\t\t\t\t<\/div>\n\t\t\t\t<\/div>\n\t\t\t\t\t<\/div>\n\t\t\t\t<\/div>\n\t\t<div class=\"elementor-element elementor-element-8973fe2 e-flex e-con-boxed e-con e-parent\" data-id=\"8973fe2\" data-element_type=\"container\" data-e-type=\"container\">\n\t\t\t\t\t<div class=\"e-con-inner\">\n\t\t\t\t<div class=\"elementor-element elementor-element-de512ed elementor-widget elementor-widget-text-editor\" data-id=\"de512ed\" data-element_type=\"widget\" data-e-type=\"widget\" data-widget_type=\"text-editor.default\">\n\t\t\t\t<div class=\"elementor-widget-container\">\n\t\t\t\t\t\t\t\t\t<p>Atemporal Ethical Home Interiors was born with a clear vision: to create pieces that transcend trends, combining comfort, elegance, and sustainability in harmony with spaces and people.<\/p><p>We have consolidated our position as an essential reference in the high-end decoration market, both in Spain and Europe. Our approach, which combines design, innovation, quality, and creativity, has led renowned interior designers and decorators to trust our collections to bring unique projects to life. <\/p><p>Each piece in our collection is designed to last, to inhabit spaces with its own character. We are committed to ethical and responsible production, based on proximity, work well done, and respect for the environment. <\/p><p>Our sofas are synonymous with comfort, elegance, and sophistication, making them an excellent choice for any space.<\/p>\t\t\t\t\t\t\t\t<\/div>\n\t\t\t\t<\/div>\n\t\t\t\t\t<\/div>\n\t\t\t\t<\/div>\n\t\t<div class=\"elementor-element elementor-element-8af3422 e-flex e-con-boxed e-con e-parent\" data-id=\"8af3422\" data-element_type=\"container\" data-e-type=\"container\">\n\t\t\t\t\t<div class=\"e-con-inner\">\n\t\t\t\t<div class=\"elementor-element elementor-element-fd3d184 elementor-widget elementor-widget-spacer\" data-id=\"fd3d184\" data-element_type=\"widget\" data-e-type=\"widget\" data-widget_type=\"spacer.default\">\n\t\t\t\t<div class=\"elementor-widget-container\">\n\t\t\t\t\t\t\t<div class=\"elementor-spacer\">\n\t\t\t<div class=\"elementor-spacer-inner\"><\/div>\n\t\t<\/div>\n\t\t\t\t\t\t<\/div>\n\t\t\t\t<\/div>\n\t\t\t\t\t<\/div>\n\t\t\t\t<\/div>\n\t\t<div class=\"elementor-element elementor-element-d428f25 e-con-full e-flex e-con e-parent\" data-id=\"d428f25\" data-element_type=\"container\" data-e-type=\"container\">\n\t\t\t\t<div class=\"elementor-element elementor-element-2215c76 elementor-widget elementor-widget-text-editor\" data-id=\"2215c76\" data-element_type=\"widget\" data-e-type=\"widget\" data-widget_type=\"text-editor.default\">\n\t\t\t\t<div class=\"elementor-widget-container\">\n\t\t\t\t\t\t\t\t\t<p>FIND US<\/p>\t\t\t\t\t\t\t\t<\/div>\n\t\t\t\t<\/div>\n\t\t\t\t<\/div>\n\t\t<div class=\"elementor-element elementor-element-5a23ee2 e-flex e-con-boxed e-con e-parent\" data-id=\"5a23ee2\" data-element_type=\"container\" data-e-type=\"container\" data-settings=\"{&quot;background_background&quot;:&quot;classic&quot;}\">\n\t\t\t\t\t<div class=\"e-con-inner\">\n\t\t<div class=\"elementor-element elementor-element-2f3fe5d e-con-full e-flex e-con e-child\" data-id=\"2f3fe5d\" data-element_type=\"container\" data-e-type=\"container\">\n\t\t\t\t<div class=\"elementor-element elementor-element-5055604 elementor-widget elementor-widget-text-editor\" data-id=\"5055604\" data-element_type=\"widget\" data-e-type=\"widget\" data-widget_type=\"text-editor.default\">\n\t\t\t\t<div class=\"elementor-widget-container\">\n\t\t\t\t\t\t\t\t\t<p class=\"p1\">Factory \u00b7 Atemporal Ethical Home Interiors<\/p>\t\t\t\t\t\t\t\t<\/div>\n\t\t\t\t<\/div>\n\t\t\t\t<div class=\"elementor-element elementor-element-7130fa1 elementor-widget elementor-widget-text-editor\" data-id=\"7130fa1\" data-element_type=\"widget\" data-e-type=\"widget\" data-widget_type=\"text-editor.default\">\n\t\t\t\t<div class=\"elementor-widget-container\">\n\t\t\t\t\t\t\t\t\t<p><a href=\"https:\/\/maps.app.goo.gl\/cdugMH5hX9QQcJbN9\" target=\"_blank\" rel=\"noopener\">Can Lletget 4, Pol. Ind. Can Roqueta Sabadell, 08202 Barcelona  <\/a><\/p><p class=\"p1\"><a href=\"mailto:hello@atemporal.casa\">hello@atemporal.casa<\/a><\/p><p class=\"p1\"><a href=\"http:\/\/<a><\/a>&#8220;>(+34) 937 467 107<\/a><\/p>\t\t\t\t\t\t\t\t<\/div>\n\t\t\t\t<\/div>\n\t\t\t\t<div class=\"elementor-element elementor-element-61ac7a8 elementor-widget elementor-widget-text-editor\" data-id=\"61ac7a8\" data-element_type=\"widget\" data-e-type=\"widget\" data-widget_type=\"text-editor.default\">\n\t\t\t\t<div class=\"elementor-widget-container\">\n\t\t\t\t\t\t\t\t\t<p class=\"p1\"><span style=\"color: #757575;\"><a style=\"color: #757575;\" href=\"https:\/\/atemporal.casa\/en\/points-of-sale\/\">See Official Distributors<\/a><\/span><\/p>\t\t\t\t\t\t\t\t<\/div>\n\t\t\t\t<\/div>\n\t\t\t\t<\/div>\n\t\t<div class=\"elementor-element elementor-element-9115c50 e-con-full e-flex e-con e-child\" data-id=\"9115c50\" data-element_type=\"container\" data-e-type=\"container\">\n\t\t\t\t<div class=\"elementor-element elementor-element-c1f6fc6 elementor-widget__width-initial elementor-widget elementor-widget-google_maps\" data-id=\"c1f6fc6\" data-element_type=\"widget\" data-e-type=\"widget\" data-widget_type=\"google_maps.default\">\n\t\t\t\t<div class=\"elementor-widget-container\">\n\t\t\t\t\t\t\t<div class=\"elementor-custom-embed\">\n\t\t\t<iframe loading=\"lazy\"\n\t\t\t\t\tsrc=\"https:\/\/maps.google.com\/maps?q=41%C2%B032%2728.1%22N%202%C2%B008%2710.6%22E&#038;t=m&#038;z=16&#038;output=embed&#038;iwloc=near\"\n\t\t\t\t\ttitle=\"41\u00b032&#039;28.1&quot;N 2\u00b008&#039;10.6&quot;E\"\n\t\t\t\t\taria-label=\"41\u00b032&#039;28.1&quot;N 2\u00b008&#039;10.6&quot;E\"\n\t\t\t><\/iframe>\n\t\t<\/div>\n\t\t\t\t\t\t<\/div>\n\t\t\t\t<\/div>\n\t\t\t\t<\/div>\n\t\t\t\t\t<\/div>\n\t\t\t\t<\/div>\n\t\t<div class=\"elementor-element elementor-element-793358d e-flex e-con-boxed e-con e-parent\" data-id=\"793358d\" data-element_type=\"container\" data-e-type=\"container\">\n\t\t\t\t\t<div class=\"e-con-inner\">\n\t\t\t\t<div class=\"elementor-element elementor-element-47da1da elementor-widget elementor-widget-spacer\" data-id=\"47da1da\" data-element_type=\"widget\" data-e-type=\"widget\" data-widget_type=\"spacer.default\">\n\t\t\t\t<div class=\"elementor-widget-container\">\n\t\t\t\t\t\t\t<div class=\"elementor-spacer\">\n\t\t\t<div class=\"elementor-spacer-inner\"><\/div>\n\t\t<\/div>\n\t\t\t\t\t\t<\/div>\n\t\t\t\t<\/div>\n\t\t\t\t\t<\/div>\n\t\t\t\t<\/div>\n\t\t\t\t<\/div>\n\t\t","protected":false},"excerpt":{"rendered":"<p>Atemporal Ethical Home Interiors was born with a clear vision: to create pieces that transcend trends, combining comfort, elegance, and sustainability in harmony with spaces and people. We have consolidated our position as an essential reference in the high-end decoration market, both in Spain and Europe. Our approach, which combines design, innovation, quality, and creativity, [&hellip;]<\/p>\n","protected":false},"author":1,"featured_media":0,"parent":0,"menu_order":0,"comment_status":"closed","ping_status":"closed","template":"elementor_header_footer","meta":{"ocean_post_layout":"","ocean_both_sidebars_style":"","ocean_both_sidebars_content_width":0,"ocean_both_sidebars_sidebars_width":0,"ocean_sidebar":"","ocean_second_sidebar":"","ocean_disable_margins":"enable","ocean_add_body_class":"","ocean_shortcode_before_top_bar":"","ocean_shortcode_after_top_bar":"","ocean_shortcode_before_header":"","ocean_shortcode_after_header":"","ocean_has_shortcode":"","ocean_shortcode_after_title":"","ocean_shortcode_before_footer_widgets":"","ocean_shortcode_after_footer_widgets":"","ocean_shortcode_before_footer_bottom":"","ocean_shortcode_after_footer_bottom":"","ocean_display_top_bar":"default","ocean_display_header":"default","ocean_header_style":"","ocean_center_header_left_menu":"","ocean_custom_header_template":"","ocean_custom_logo":0,"ocean_custom_retina_logo":0,"ocean_custom_logo_max_width":0,"ocean_custom_logo_tablet_max_width":0,"ocean_custom_logo_mobile_max_width":0,"ocean_custom_logo_max_height":0,"ocean_custom_logo_tablet_max_height":0,"ocean_custom_logo_mobile_max_height":0,"ocean_header_custom_menu":"","ocean_menu_typo_font_family":"","ocean_menu_typo_font_subset":"","ocean_menu_typo_font_size":0,"ocean_menu_typo_font_size_tablet":0,"ocean_menu_typo_font_size_mobile":0,"ocean_menu_typo_font_size_unit":"px","ocean_menu_typo_font_weight":"","ocean_menu_typo_font_weight_tablet":"","ocean_menu_typo_font_weight_mobile":"","ocean_menu_typo_transform":"","ocean_menu_typo_transform_tablet":"","ocean_menu_typo_transform_mobile":"","ocean_menu_typo_line_height":0,"ocean_menu_typo_line_height_tablet":0,"ocean_menu_typo_line_height_mobile":0,"ocean_menu_typo_line_height_unit":"","ocean_menu_typo_spacing":0,"ocean_menu_typo_spacing_tablet":0,"ocean_menu_typo_spacing_mobile":0,"ocean_menu_typo_spacing_unit":"","ocean_menu_link_color":"","ocean_menu_link_color_hover":"","ocean_menu_link_color_active":"","ocean_menu_link_background":"","ocean_menu_link_hover_background":"","ocean_menu_link_active_background":"","ocean_menu_social_links_bg":"","ocean_menu_social_hover_links_bg":"","ocean_menu_social_links_color":"","ocean_menu_social_hover_links_color":"","ocean_disable_title":"default","ocean_disable_heading":"default","ocean_post_title":"","ocean_post_subheading":"","ocean_post_title_style":"","ocean_post_title_background_color":"","ocean_post_title_background":0,"ocean_post_title_bg_image_position":"","ocean_post_title_bg_image_attachment":"","ocean_post_title_bg_image_repeat":"","ocean_post_title_bg_image_size":"","ocean_post_title_height":0,"ocean_post_title_bg_overlay":0.5,"ocean_post_title_bg_overlay_color":"","ocean_disable_breadcrumbs":"default","ocean_breadcrumbs_color":"","ocean_breadcrumbs_separator_color":"","ocean_breadcrumbs_links_color":"","ocean_breadcrumbs_links_hover_color":"","ocean_display_footer_widgets":"default","ocean_display_footer_bottom":"default","ocean_custom_footer_template":"","footnotes":""},"class_list":["post-8302","page","type-page","status-publish","hentry","entry","owp-thumbs-layout-horizontal","owp-btn-normal","owp-tabs-layout-horizontal","has-no-thumbnails","has-product-nav"],"yoast_head":"<!-- This site is optimized with the Yoast SEO Premium plugin v27.1 (Yoast SEO v27.4) - https:\/\/yoast.com\/product\/yoast-seo-premium-wordpress\/ -->\n<title>Contact - ATEMPORAL Ethical Home Interiors<\/title>\n<meta name=\"robots\" content=\"index, follow, max-snippet:-1, max-image-preview:large, max-video-preview:-1\" \/>\n<link rel=\"canonical\" href=\"https:\/\/atemporal.casa\/en\/contact\/\" \/>\n<meta property=\"og:locale\" content=\"en_US\" \/>\n<meta property=\"og:type\" content=\"article\" \/>\n<meta property=\"og:title\" content=\"Contact\" \/>\n<meta property=\"og:description\" content=\"Atemporal Ethical Home Interiors was born with a clear vision: to create pieces that transcend trends, combining comfort, elegance, and sustainability in harmony with spaces and people. We have consolidated our position as an essential reference in the high-end decoration market, both in Spain and Europe. Our approach, which combines design, innovation, quality, and creativity, [&hellip;]\" \/>\n<meta property=\"og:url\" content=\"https:\/\/atemporal.casa\/en\/contact\/\" \/>\n<meta property=\"og:site_name\" content=\"ATEMPORAL Ethical Home Interiors\" \/>\n<meta property=\"article:publisher\" content=\"https:\/\/www.facebook.com\/atemporalhomeinteriors\" \/>\n<meta property=\"article:modified_time\" content=\"2025-09-17T04:47:48+00:00\" \/>\n<meta name=\"twitter:card\" content=\"summary_large_image\" \/>\n<meta name=\"twitter:label1\" content=\"Est. reading time\" \/>\n\t<meta name=\"twitter:data1\" content=\"1 minute\" \/>\n<script type=\"application\/ld+json\" class=\"yoast-schema-graph\">{\"@context\":\"https:\\\/\\\/schema.org\",\"@graph\":[{\"@type\":\"WebPage\",\"@id\":\"https:\\\/\\\/atemporal.casa\\\/en\\\/contact\\\/\",\"url\":\"https:\\\/\\\/atemporal.casa\\\/en\\\/contact\\\/\",\"name\":\"Contact - ATEMPORAL Ethical Home Interiors\",\"isPartOf\":{\"@id\":\"https:\\\/\\\/atemporal.casa\\\/en\\\/#website\"},\"datePublished\":\"2025-06-05T15:57:12+00:00\",\"dateModified\":\"2025-09-17T04:47:48+00:00\",\"breadcrumb\":{\"@id\":\"https:\\\/\\\/atemporal.casa\\\/en\\\/contact\\\/#breadcrumb\"},\"inLanguage\":\"en-US\",\"potentialAction\":[{\"@type\":\"ReadAction\",\"target\":[\"https:\\\/\\\/atemporal.casa\\\/en\\\/contact\\\/\"]}]},{\"@type\":\"BreadcrumbList\",\"@id\":\"https:\\\/\\\/atemporal.casa\\\/en\\\/contact\\\/#breadcrumb\",\"itemListElement\":[{\"@type\":\"ListItem\",\"position\":1,\"name\":\"Home\",\"item\":\"https:\\\/\\\/atemporal.casa\\\/en\\\/\"},{\"@type\":\"ListItem\",\"position\":2,\"name\":\"Contact\"}]},{\"@type\":\"WebSite\",\"@id\":\"https:\\\/\\\/atemporal.casa\\\/en\\\/#website\",\"url\":\"https:\\\/\\\/atemporal.casa\\\/en\\\/\",\"name\":\"atemporal.casa\",\"description\":\"n Atemporal Home Interiors nos hemos consolidado como un referente clave en el sector de la alta decoraci\u00f3n, tanto en Espa\u00f1a como en el resto de Europa.\",\"publisher\":{\"@id\":\"https:\\\/\\\/atemporal.casa\\\/en\\\/#organization\"},\"potentialAction\":[{\"@type\":\"SearchAction\",\"target\":{\"@type\":\"EntryPoint\",\"urlTemplate\":\"https:\\\/\\\/atemporal.casa\\\/en\\\/?s={search_term_string}\"},\"query-input\":{\"@type\":\"PropertyValueSpecification\",\"valueRequired\":true,\"valueName\":\"search_term_string\"}}],\"inLanguage\":\"en-US\"},{\"@type\":\"Organization\",\"@id\":\"https:\\\/\\\/atemporal.casa\\\/en\\\/#organization\",\"name\":\"atemporal.casa\",\"url\":\"https:\\\/\\\/atemporal.casa\\\/en\\\/\",\"logo\":{\"@type\":\"ImageObject\",\"inLanguage\":\"en-US\",\"@id\":\"https:\\\/\\\/atemporal.casa\\\/en\\\/#\\\/schema\\\/logo\\\/image\\\/\",\"url\":\"https:\\\/\\\/atemporal.casa\\\/wp-content\\\/uploads\\\/2025\\\/09\\\/cropped-LOGO-favicom-1.png\",\"contentUrl\":\"https:\\\/\\\/atemporal.casa\\\/wp-content\\\/uploads\\\/2025\\\/09\\\/cropped-LOGO-favicom-1.png\",\"width\":512,\"height\":512,\"caption\":\"atemporal.casa\"},\"image\":{\"@id\":\"https:\\\/\\\/atemporal.casa\\\/en\\\/#\\\/schema\\\/logo\\\/image\\\/\"},\"sameAs\":[\"https:\\\/\\\/www.facebook.com\\\/atemporalhomeinteriors\",\"https:\\\/\\\/www.instagram.com\\\/atemporalhomeinteriors\\\/\"],\"description\":\"Nuestros sof\u00e1s representan el equilibrio perfecto entre confort, elegancia y sofisticaci\u00f3n, convirti\u00e9ndose en la elecci\u00f3n ideal para elevar cualquier ambiente.\"}]}<\/script>\n<!-- \/ Yoast SEO Premium plugin. -->","yoast_head_json":{"title":"Contact - ATEMPORAL Ethical Home Interiors","robots":{"index":"index","follow":"follow","max-snippet":"max-snippet:-1","max-image-preview":"max-image-preview:large","max-video-preview":"max-video-preview:-1"},"canonical":"https:\/\/atemporal.casa\/en\/contact\/","og_locale":"en_US","og_type":"article","og_title":"Contact","og_description":"Atemporal Ethical Home Interiors was born with a clear vision: to create pieces that transcend trends, combining comfort, elegance, and sustainability in harmony with spaces and people. We have consolidated our position as an essential reference in the high-end decoration market, both in Spain and Europe. Our approach, which combines design, innovation, quality, and creativity, [&hellip;]","og_url":"https:\/\/atemporal.casa\/en\/contact\/","og_site_name":"ATEMPORAL Ethical Home Interiors","article_publisher":"https:\/\/www.facebook.com\/atemporalhomeinteriors","article_modified_time":"2025-09-17T04:47:48+00:00","twitter_card":"summary_large_image","twitter_misc":{"Est. reading time":"1 minute"},"schema":{"@context":"https:\/\/schema.org","@graph":[{"@type":"WebPage","@id":"https:\/\/atemporal.casa\/en\/contact\/","url":"https:\/\/atemporal.casa\/en\/contact\/","name":"Contact - ATEMPORAL Ethical Home Interiors","isPartOf":{"@id":"https:\/\/atemporal.casa\/en\/#website"},"datePublished":"2025-06-05T15:57:12+00:00","dateModified":"2025-09-17T04:47:48+00:00","breadcrumb":{"@id":"https:\/\/atemporal.casa\/en\/contact\/#breadcrumb"},"inLanguage":"en-US","potentialAction":[{"@type":"ReadAction","target":["https:\/\/atemporal.casa\/en\/contact\/"]}]},{"@type":"BreadcrumbList","@id":"https:\/\/atemporal.casa\/en\/contact\/#breadcrumb","itemListElement":[{"@type":"ListItem","position":1,"name":"Home","item":"https:\/\/atemporal.casa\/en\/"},{"@type":"ListItem","position":2,"name":"Contact"}]},{"@type":"WebSite","@id":"https:\/\/atemporal.casa\/en\/#website","url":"https:\/\/atemporal.casa\/en\/","name":"atemporal.casa","description":"n Atemporal Home Interiors nos hemos consolidado como un referente clave en el sector de la alta decoraci\u00f3n, tanto en Espa\u00f1a como en el resto de Europa.","publisher":{"@id":"https:\/\/atemporal.casa\/en\/#organization"},"potentialAction":[{"@type":"SearchAction","target":{"@type":"EntryPoint","urlTemplate":"https:\/\/atemporal.casa\/en\/?s={search_term_string}"},"query-input":{"@type":"PropertyValueSpecification","valueRequired":true,"valueName":"search_term_string"}}],"inLanguage":"en-US"},{"@type":"Organization","@id":"https:\/\/atemporal.casa\/en\/#organization","name":"atemporal.casa","url":"https:\/\/atemporal.casa\/en\/","logo":{"@type":"ImageObject","inLanguage":"en-US","@id":"https:\/\/atemporal.casa\/en\/#\/schema\/logo\/image\/","url":"https:\/\/atemporal.casa\/wp-content\/uploads\/2025\/09\/cropped-LOGO-favicom-1.png","contentUrl":"https:\/\/atemporal.casa\/wp-content\/uploads\/2025\/09\/cropped-LOGO-favicom-1.png","width":512,"height":512,"caption":"atemporal.casa"},"image":{"@id":"https:\/\/atemporal.casa\/en\/#\/schema\/logo\/image\/"},"sameAs":["https:\/\/www.facebook.com\/atemporalhomeinteriors","https:\/\/www.instagram.com\/atemporalhomeinteriors\/"],"description":"Nuestros sof\u00e1s representan el equilibrio perfecto entre confort, elegancia y sofisticaci\u00f3n, convirti\u00e9ndose en la elecci\u00f3n ideal para elevar cualquier ambiente."}]}},"_links":{"self":[{"href":"https:\/\/atemporal.casa\/en\/wp-json\/wp\/v2\/pages\/8302","targetHints":{"allow":["GET"]}}],"collection":[{"href":"https:\/\/atemporal.casa\/en\/wp-json\/wp\/v2\/pages"}],"about":[{"href":"https:\/\/atemporal.casa\/en\/wp-json\/wp\/v2\/types\/page"}],"author":[{"embeddable":true,"href":"https:\/\/atemporal.casa\/en\/wp-json\/wp\/v2\/users\/1"}],"replies":[{"embeddable":true,"href":"https:\/\/atemporal.casa\/en\/wp-json\/wp\/v2\/comments?post=8302"}],"version-history":[{"count":0,"href":"https:\/\/atemporal.casa\/en\/wp-json\/wp\/v2\/pages\/8302\/revisions"}],"wp:attachment":[{"href":"https:\/\/atemporal.casa\/en\/wp-json\/wp\/v2\/media?parent=8302"}],"curies":[{"name":"wp","href":"https:\/\/api.w.org\/{rel}","templated":true}]}}