{"id":8208,"date":"2025-08-05T04:28:27","date_gmt":"2025-08-05T02:28:27","guid":{"rendered":"https:\/\/atemporal.casa\/prices\/"},"modified":"2026-01-07T10:49:24","modified_gmt":"2026-01-07T09:49:24","slug":"prices","status":"publish","type":"page","link":"https:\/\/atemporal.casa\/en\/prices\/","title":{"rendered":"Prices"},"content":{"rendered":"\t\t<div data-elementor-type=\"wp-page\" data-elementor-id=\"8208\" class=\"elementor elementor-8208 elementor-7688\" data-elementor-post-type=\"page\">\n\t\t\t\t<div class=\"elementor-element elementor-element-bc545e0 e-flex e-con-boxed e-con e-parent\" data-id=\"bc545e0\" data-element_type=\"container\" data-e-type=\"container\">\n\t\t\t\t\t<div class=\"e-con-inner\">\n\t\t\t\t<div class=\"elementor-element elementor-element-07a7f3f elementor-widget elementor-widget-spacer\" data-id=\"07a7f3f\" data-element_type=\"widget\" data-e-type=\"widget\" data-widget_type=\"spacer.default\">\n\t\t\t\t<div class=\"elementor-widget-container\">\n\t\t\t\t\t\t\t<div class=\"elementor-spacer\">\n\t\t\t<div class=\"elementor-spacer-inner\"><\/div>\n\t\t<\/div>\n\t\t\t\t\t\t<\/div>\n\t\t\t\t<\/div>\n\t\t\t\t<div class=\"elementor-element elementor-element-7cc8b40 elementor-widget elementor-widget-text-editor\" data-id=\"7cc8b40\" data-element_type=\"widget\" data-e-type=\"widget\" data-widget_type=\"text-editor.default\">\n\t\t\t\t<div class=\"elementor-widget-container\">\n\t\t\t\t\t\t\t\t\t<p>PRICES<\/p>\t\t\t\t\t\t\t\t<\/div>\n\t\t\t\t<\/div>\n\t\t\t\t\t<\/div>\n\t\t\t\t<\/div>\n\t\t<div class=\"elementor-element elementor-element-eb0ab43 e-flex e-con-boxed e-con e-parent\" data-id=\"eb0ab43\" data-element_type=\"container\" data-e-type=\"container\">\n\t\t\t\t\t<div class=\"e-con-inner\">\n\t\t\t\t<div class=\"elementor-element elementor-element-635cde4 elementor-widget elementor-widget-text-editor\" data-id=\"635cde4\" data-element_type=\"widget\" data-e-type=\"widget\" data-widget_type=\"text-editor.default\">\n\t\t\t\t<div class=\"elementor-widget-container\">\n\t\t\t\t\t\t\t\t\t<p data-start=\"229\" data-end=\"280\">Thank you for your interest in Atemporal Home Interiors.<\/p><p data-start=\"282\" data-end=\"552\">At our company, we craft each piece by hand, adapting dimensions, finishes, and fabrics so that each sofa fits the needs of each customer exactly. We have more than 1,000 fabrics selected for their aesthetics, durability, and comfort. <\/p><p data-start=\"554\" data-end=\"864\">As a reference, a three-seater Linus sofa has a retail price ranging from \u20ac2,413 to \u20ac6,888, depending on the version, fabric, and reclining configuration chosen.<br data-start=\"725\" data-end=\"728\">Since each project is unique, we do not offer fixed prices without first knowing the specific characteristics of what you need.<\/p><h3 data-start=\"866\" data-end=\"906\"><strong data-start=\"870\" data-end=\"906\">What determines the final price?<\/strong><\/h3><p data-start=\"909\" data-end=\"947\">Model dimensions and composition<br>Fabric category and type<br>Comfort options and special configurations<br>Selected finishes and accessories<\/p><p data-start=\"1075\" data-end=\"1305\">For completely personalized advice, we invite you to visit your nearest <strong data-start=\"1157\" data-end=\"1181\"><a href=\"https:\/\/atemporal.casa\/en\/points-of-sale\/\">Official Dealer,<\/a><\/strong> where they can show you the options, guide you in your choice, and prepare a quote tailored to your preferences.<\/p><h3 data-start=\"1307\" data-end=\"1332\"><strong data-start=\"1311\" data-end=\"1332\">Delivery times<\/strong><\/h3><p data-start=\"1333\" data-end=\"1458\">Delivery times may vary depending on the model, the fabric chosen, and logistical aspects such as transport and installation.<\/p><h3 data-start=\"1460\" data-end=\"1490\"><strong data-start=\"1464\" data-end=\"1490\">Exclusive distribution<\/strong><\/h3><p data-start=\"1491\" data-end=\"1690\">Both the sale and delivery of our products are carried out exclusively through our <strong data-start=\"1591\" data-end=\"1626\"><a href=\"https:\/\/atemporal.casa\/en\/points-of-sale\/\">network of official distributors<\/a><\/strong>, guaranteeing a professional and fully customized service.<\/p><p class=\"wnd-align-center\"> <\/p>\t\t\t\t\t\t\t\t<\/div>\n\t\t\t\t<\/div>\n\t\t\t\t\t<\/div>\n\t\t\t\t<\/div>\n\t\t<div class=\"elementor-element elementor-element-d13614e e-flex e-con-boxed e-con e-parent\" data-id=\"d13614e\" data-element_type=\"container\" data-e-type=\"container\">\n\t\t\t\t\t<div class=\"e-con-inner\">\n\t\t\t\t<div class=\"elementor-element elementor-element-47bf4d8 elementor-widget-divider--view-line elementor-widget elementor-widget-divider\" data-id=\"47bf4d8\" data-element_type=\"widget\" data-e-type=\"widget\" data-widget_type=\"divider.default\">\n\t\t\t\t<div class=\"elementor-widget-container\">\n\t\t\t\t\t\t\t<div class=\"elementor-divider\">\n\t\t\t<span class=\"elementor-divider-separator\">\n\t\t\t\t\t\t<\/span>\n\t\t<\/div>\n\t\t\t\t\t\t<\/div>\n\t\t\t\t<\/div>\n\t\t\t\t\t<\/div>\n\t\t\t\t<\/div>\n\t\t<div class=\"elementor-element elementor-element-af59c7f e-flex e-con-boxed e-con e-parent\" data-id=\"af59c7f\" data-element_type=\"container\" data-e-type=\"container\">\n\t\t\t\t\t<div class=\"e-con-inner\">\n\t\t\t\t<div class=\"elementor-element elementor-element-5dd7186 elementor-widget elementor-widget-text-editor\" data-id=\"5dd7186\" data-element_type=\"widget\" data-e-type=\"widget\" data-widget_type=\"text-editor.default\">\n\t\t\t\t<div class=\"elementor-widget-container\">\n\t\t\t\t\t\t\t\t\t<p>THE DIFFERENCE<\/p>\t\t\t\t\t\t\t\t<\/div>\n\t\t\t\t<\/div>\n\t\t\t\t<div class=\"elementor-element elementor-element-354efe7 elementor-widget elementor-widget-text-editor\" data-id=\"354efe7\" data-element_type=\"widget\" data-e-type=\"widget\" data-widget_type=\"text-editor.default\">\n\t\t\t\t<div class=\"elementor-widget-container\">\n\t\t\t\t\t\t\t\t\t<p>How is the price of each of these two seemingly very similar sofas justified?<br>The difference is inside.<\/p>\t\t\t\t\t\t\t\t<\/div>\n\t\t\t\t<\/div>\n\t\t\t\t\t<\/div>\n\t\t\t\t<\/div>\n\t\t<div class=\"elementor-element elementor-element-3cebb8b e-flex e-con-boxed e-con e-parent\" data-id=\"3cebb8b\" data-element_type=\"container\" data-e-type=\"container\">\n\t\t\t\t\t<div class=\"e-con-inner\">\n\t\t\t\t<div class=\"elementor-element elementor-element-e354c09 elementor-widget elementor-widget-image\" data-id=\"e354c09\" data-element_type=\"widget\" data-e-type=\"widget\" data-widget_type=\"image.default\">\n\t\t\t\t<div class=\"elementor-widget-container\">\n\t\t\t\t\t\t\t\t\t\t\t\t\t\t\t<img fetchpriority=\"high\" decoding=\"async\" width=\"757\" height=\"1024\" src=\"https:\/\/atemporal.casa\/wp-content\/uploads\/2025\/06\/LA-DIFERENCIA-757x1024.webp\" class=\"attachment-large size-large wp-image-7012\" alt=\"\" srcset=\"https:\/\/atemporal.casa\/wp-content\/uploads\/2025\/06\/LA-DIFERENCIA-757x1024.webp 757w, https:\/\/atemporal.casa\/wp-content\/uploads\/2025\/06\/LA-DIFERENCIA-222x300.webp 222w, https:\/\/atemporal.casa\/wp-content\/uploads\/2025\/06\/LA-DIFERENCIA-768x1039.webp 768w, https:\/\/atemporal.casa\/wp-content\/uploads\/2025\/06\/LA-DIFERENCIA-1135x1536.webp 1135w, https:\/\/atemporal.casa\/wp-content\/uploads\/2025\/06\/LA-DIFERENCIA-600x812.webp 600w, https:\/\/atemporal.casa\/wp-content\/uploads\/2025\/06\/LA-DIFERENCIA.webp 1419w\" sizes=\"(max-width: 757px) 100vw, 757px\" \/>\t\t\t\t\t\t\t\t\t\t\t\t\t\t\t<\/div>\n\t\t\t\t<\/div>\n\t\t\t\t<div class=\"elementor-element elementor-element-f1d278e elementor-widget elementor-widget-spacer\" data-id=\"f1d278e\" data-element_type=\"widget\" data-e-type=\"widget\" data-widget_type=\"spacer.default\">\n\t\t\t\t<div class=\"elementor-widget-container\">\n\t\t\t\t\t\t\t<div class=\"elementor-spacer\">\n\t\t\t<div class=\"elementor-spacer-inner\"><\/div>\n\t\t<\/div>\n\t\t\t\t\t\t<\/div>\n\t\t\t\t<\/div>\n\t\t\t\t<div class=\"elementor-element elementor-element-6bc2349 elementor-widget elementor-widget-text-editor\" data-id=\"6bc2349\" data-element_type=\"widget\" data-e-type=\"widget\" data-widget_type=\"text-editor.default\">\n\t\t\t\t<div class=\"elementor-widget-container\">\n\t\t\t\t\t\t\t\t\t<p style=\"text-align: center;\">LINUS SOFT<\/p><p style=\"text-align: center;\">Frame: Lifetime warranty.<br>Suspension system: 15-year warranty.<br>Arm and back cushions: 5-year warranty.<br>Seat cushions: 5-year warranty.<\/p><p style=\"text-align: center;\">The warranty period is a clear sign that your new sofa was made with top-quality materials. Atemporal offers warranty periods that far exceed market standards, thanks to the quality of the raw materials selected in our manufacturing process. <\/p>\t\t\t\t\t\t\t\t<\/div>\n\t\t\t\t<\/div>\n\t\t<div class=\"elementor-element elementor-element-272837d e-con-full e-flex e-con e-child\" data-id=\"272837d\" data-element_type=\"container\" data-e-type=\"container\">\n\t\t\t\t<\/div>\n\t\t\t\t\t<\/div>\n\t\t\t\t<\/div>\n\t\t\t\t<\/div>\n\t\t","protected":false},"excerpt":{"rendered":"<p>PRICES Thank you for your interest in Atemporal Home Interiors. At our company, we craft each piece by hand, adapting dimensions, finishes, and fabrics so that each sofa fits the needs of each customer exactly. We have more than 1,000 fabrics selected for their aesthetics, durability, and comfort. As a reference, a three-seater Linus sofa [&hellip;]<\/p>\n","protected":false},"author":2,"featured_media":0,"parent":0,"menu_order":0,"comment_status":"closed","ping_status":"closed","template":"elementor_header_footer","meta":{"ocean_post_layout":"","ocean_both_sidebars_style":"","ocean_both_sidebars_content_width":0,"ocean_both_sidebars_sidebars_width":0,"ocean_sidebar":"","ocean_second_sidebar":"","ocean_disable_margins":"enable","ocean_add_body_class":"","ocean_shortcode_before_top_bar":"","ocean_shortcode_after_top_bar":"","ocean_shortcode_before_header":"","ocean_shortcode_after_header":"","ocean_has_shortcode":"","ocean_shortcode_after_title":"","ocean_shortcode_before_footer_widgets":"","ocean_shortcode_after_footer_widgets":"","ocean_shortcode_before_footer_bottom":"","ocean_shortcode_after_footer_bottom":"","ocean_display_top_bar":"default","ocean_display_header":"default","ocean_header_style":"","ocean_center_header_left_menu":"","ocean_custom_header_template":"","ocean_custom_logo":0,"ocean_custom_retina_logo":0,"ocean_custom_logo_max_width":0,"ocean_custom_logo_tablet_max_width":0,"ocean_custom_logo_mobile_max_width":0,"ocean_custom_logo_max_height":0,"ocean_custom_logo_tablet_max_height":0,"ocean_custom_logo_mobile_max_height":0,"ocean_header_custom_menu":"","ocean_menu_typo_font_family":"","ocean_menu_typo_font_subset":"","ocean_menu_typo_font_size":0,"ocean_menu_typo_font_size_tablet":0,"ocean_menu_typo_font_size_mobile":0,"ocean_menu_typo_font_size_unit":"px","ocean_menu_typo_font_weight":"","ocean_menu_typo_font_weight_tablet":"","ocean_menu_typo_font_weight_mobile":"","ocean_menu_typo_transform":"","ocean_menu_typo_transform_tablet":"","ocean_menu_typo_transform_mobile":"","ocean_menu_typo_line_height":0,"ocean_menu_typo_line_height_tablet":0,"ocean_menu_typo_line_height_mobile":0,"ocean_menu_typo_line_height_unit":"","ocean_menu_typo_spacing":0,"ocean_menu_typo_spacing_tablet":0,"ocean_menu_typo_spacing_mobile":0,"ocean_menu_typo_spacing_unit":"","ocean_menu_link_color":"","ocean_menu_link_color_hover":"","ocean_menu_link_color_active":"","ocean_menu_link_background":"","ocean_menu_link_hover_background":"","ocean_menu_link_active_background":"","ocean_menu_social_links_bg":"","ocean_menu_social_hover_links_bg":"","ocean_menu_social_links_color":"","ocean_menu_social_hover_links_color":"","ocean_disable_title":"default","ocean_disable_heading":"default","ocean_post_title":"","ocean_post_subheading":"","ocean_post_title_style":"","ocean_post_title_background_color":"","ocean_post_title_background":0,"ocean_post_title_bg_image_position":"","ocean_post_title_bg_image_attachment":"","ocean_post_title_bg_image_repeat":"","ocean_post_title_bg_image_size":"","ocean_post_title_height":0,"ocean_post_title_bg_overlay":0.5,"ocean_post_title_bg_overlay_color":"","ocean_disable_breadcrumbs":"default","ocean_breadcrumbs_color":"","ocean_breadcrumbs_separator_color":"","ocean_breadcrumbs_links_color":"","ocean_breadcrumbs_links_hover_color":"","ocean_display_footer_widgets":"default","ocean_display_footer_bottom":"default","ocean_custom_footer_template":"","footnotes":""},"class_list":["post-8208","page","type-page","status-publish","hentry","entry","owp-thumbs-layout-horizontal","owp-btn-normal","owp-tabs-layout-horizontal","has-no-thumbnails","has-product-nav"],"yoast_head":"<!-- This site is optimized with the Yoast SEO Premium plugin v27.1 (Yoast SEO v27.4) - https:\/\/yoast.com\/product\/yoast-seo-premium-wordpress\/ -->\n<title>Prices - ATEMPORAL Ethical Home Interiors<\/title>\n<meta name=\"robots\" content=\"index, follow, max-snippet:-1, max-image-preview:large, max-video-preview:-1\" \/>\n<link rel=\"canonical\" href=\"https:\/\/atemporal.casa\/en\/prices\/\" \/>\n<meta property=\"og:locale\" content=\"en_US\" \/>\n<meta property=\"og:type\" content=\"article\" \/>\n<meta property=\"og:title\" content=\"Prices\" \/>\n<meta property=\"og:description\" content=\"PRICES Thank you for your interest in Atemporal Home Interiors. At our company, we craft each piece by hand, adapting dimensions, finishes, and fabrics so that each sofa fits the needs of each customer exactly. We have more than 1,000 fabrics selected for their aesthetics, durability, and comfort. As a reference, a three-seater Linus sofa [&hellip;]\" \/>\n<meta property=\"og:url\" content=\"https:\/\/atemporal.casa\/en\/prices\/\" \/>\n<meta property=\"og:site_name\" content=\"ATEMPORAL Ethical Home Interiors\" \/>\n<meta property=\"article:publisher\" content=\"https:\/\/www.facebook.com\/atemporalhomeinteriors\" \/>\n<meta property=\"article:modified_time\" content=\"2026-01-07T09:49:24+00:00\" \/>\n<meta property=\"og:image\" content=\"https:\/\/atemporal.casa\/wp-content\/uploads\/2025\/06\/LA-DIFERENCIA-757x1024.webp\" \/>\n<meta name=\"twitter:card\" content=\"summary_large_image\" \/>\n<meta name=\"twitter:label1\" content=\"Est. reading time\" \/>\n\t<meta name=\"twitter:data1\" content=\"1 minute\" \/>\n<script type=\"application\/ld+json\" class=\"yoast-schema-graph\">{\"@context\":\"https:\\\/\\\/schema.org\",\"@graph\":[{\"@type\":\"WebPage\",\"@id\":\"https:\\\/\\\/atemporal.casa\\\/en\\\/prices\\\/\",\"url\":\"https:\\\/\\\/atemporal.casa\\\/en\\\/prices\\\/\",\"name\":\"Prices - ATEMPORAL Ethical Home Interiors\",\"isPartOf\":{\"@id\":\"https:\\\/\\\/atemporal.casa\\\/en\\\/#website\"},\"primaryImageOfPage\":{\"@id\":\"https:\\\/\\\/atemporal.casa\\\/en\\\/prices\\\/#primaryimage\"},\"image\":{\"@id\":\"https:\\\/\\\/atemporal.casa\\\/en\\\/prices\\\/#primaryimage\"},\"thumbnailUrl\":\"https:\\\/\\\/atemporal.casa\\\/wp-content\\\/uploads\\\/2025\\\/06\\\/LA-DIFERENCIA-757x1024.webp\",\"datePublished\":\"2025-08-05T02:28:27+00:00\",\"dateModified\":\"2026-01-07T09:49:24+00:00\",\"breadcrumb\":{\"@id\":\"https:\\\/\\\/atemporal.casa\\\/en\\\/prices\\\/#breadcrumb\"},\"inLanguage\":\"en-US\",\"potentialAction\":[{\"@type\":\"ReadAction\",\"target\":[\"https:\\\/\\\/atemporal.casa\\\/en\\\/prices\\\/\"]}]},{\"@type\":\"ImageObject\",\"inLanguage\":\"en-US\",\"@id\":\"https:\\\/\\\/atemporal.casa\\\/en\\\/prices\\\/#primaryimage\",\"url\":\"https:\\\/\\\/atemporal.casa\\\/wp-content\\\/uploads\\\/2025\\\/06\\\/LA-DIFERENCIA-757x1024.webp\",\"contentUrl\":\"https:\\\/\\\/atemporal.casa\\\/wp-content\\\/uploads\\\/2025\\\/06\\\/LA-DIFERENCIA-757x1024.webp\"},{\"@type\":\"BreadcrumbList\",\"@id\":\"https:\\\/\\\/atemporal.casa\\\/en\\\/prices\\\/#breadcrumb\",\"itemListElement\":[{\"@type\":\"ListItem\",\"position\":1,\"name\":\"Home\",\"item\":\"https:\\\/\\\/atemporal.casa\\\/en\\\/\"},{\"@type\":\"ListItem\",\"position\":2,\"name\":\"Prices\"}]},{\"@type\":\"WebSite\",\"@id\":\"https:\\\/\\\/atemporal.casa\\\/en\\\/#website\",\"url\":\"https:\\\/\\\/atemporal.casa\\\/en\\\/\",\"name\":\"atemporal.casa\",\"description\":\"n Atemporal Home Interiors nos hemos consolidado como un referente clave en el sector de la alta decoraci\u00f3n, tanto en Espa\u00f1a como en el resto de Europa.\",\"publisher\":{\"@id\":\"https:\\\/\\\/atemporal.casa\\\/en\\\/#organization\"},\"potentialAction\":[{\"@type\":\"SearchAction\",\"target\":{\"@type\":\"EntryPoint\",\"urlTemplate\":\"https:\\\/\\\/atemporal.casa\\\/en\\\/?s={search_term_string}\"},\"query-input\":{\"@type\":\"PropertyValueSpecification\",\"valueRequired\":true,\"valueName\":\"search_term_string\"}}],\"inLanguage\":\"en-US\"},{\"@type\":\"Organization\",\"@id\":\"https:\\\/\\\/atemporal.casa\\\/en\\\/#organization\",\"name\":\"atemporal.casa\",\"url\":\"https:\\\/\\\/atemporal.casa\\\/en\\\/\",\"logo\":{\"@type\":\"ImageObject\",\"inLanguage\":\"en-US\",\"@id\":\"https:\\\/\\\/atemporal.casa\\\/en\\\/#\\\/schema\\\/logo\\\/image\\\/\",\"url\":\"https:\\\/\\\/atemporal.casa\\\/wp-content\\\/uploads\\\/2025\\\/09\\\/cropped-LOGO-favicom-1.png\",\"contentUrl\":\"https:\\\/\\\/atemporal.casa\\\/wp-content\\\/uploads\\\/2025\\\/09\\\/cropped-LOGO-favicom-1.png\",\"width\":512,\"height\":512,\"caption\":\"atemporal.casa\"},\"image\":{\"@id\":\"https:\\\/\\\/atemporal.casa\\\/en\\\/#\\\/schema\\\/logo\\\/image\\\/\"},\"sameAs\":[\"https:\\\/\\\/www.facebook.com\\\/atemporalhomeinteriors\",\"https:\\\/\\\/www.instagram.com\\\/atemporalhomeinteriors\\\/\"],\"description\":\"Nuestros sof\u00e1s representan el equilibrio perfecto entre confort, elegancia y sofisticaci\u00f3n, convirti\u00e9ndose en la elecci\u00f3n ideal para elevar cualquier ambiente.\"}]}<\/script>\n<!-- \/ Yoast SEO Premium plugin. -->","yoast_head_json":{"title":"Prices - ATEMPORAL Ethical Home Interiors","robots":{"index":"index","follow":"follow","max-snippet":"max-snippet:-1","max-image-preview":"max-image-preview:large","max-video-preview":"max-video-preview:-1"},"canonical":"https:\/\/atemporal.casa\/en\/prices\/","og_locale":"en_US","og_type":"article","og_title":"Prices","og_description":"PRICES Thank you for your interest in Atemporal Home Interiors. At our company, we craft each piece by hand, adapting dimensions, finishes, and fabrics so that each sofa fits the needs of each customer exactly. We have more than 1,000 fabrics selected for their aesthetics, durability, and comfort. As a reference, a three-seater Linus sofa [&hellip;]","og_url":"https:\/\/atemporal.casa\/en\/prices\/","og_site_name":"ATEMPORAL Ethical Home Interiors","article_publisher":"https:\/\/www.facebook.com\/atemporalhomeinteriors","article_modified_time":"2026-01-07T09:49:24+00:00","og_image":[{"url":"https:\/\/atemporal.casa\/wp-content\/uploads\/2025\/06\/LA-DIFERENCIA-757x1024.webp","type":"","width":"","height":""}],"twitter_card":"summary_large_image","twitter_misc":{"Est. reading time":"1 minute"},"schema":{"@context":"https:\/\/schema.org","@graph":[{"@type":"WebPage","@id":"https:\/\/atemporal.casa\/en\/prices\/","url":"https:\/\/atemporal.casa\/en\/prices\/","name":"Prices - ATEMPORAL Ethical Home Interiors","isPartOf":{"@id":"https:\/\/atemporal.casa\/en\/#website"},"primaryImageOfPage":{"@id":"https:\/\/atemporal.casa\/en\/prices\/#primaryimage"},"image":{"@id":"https:\/\/atemporal.casa\/en\/prices\/#primaryimage"},"thumbnailUrl":"https:\/\/atemporal.casa\/wp-content\/uploads\/2025\/06\/LA-DIFERENCIA-757x1024.webp","datePublished":"2025-08-05T02:28:27+00:00","dateModified":"2026-01-07T09:49:24+00:00","breadcrumb":{"@id":"https:\/\/atemporal.casa\/en\/prices\/#breadcrumb"},"inLanguage":"en-US","potentialAction":[{"@type":"ReadAction","target":["https:\/\/atemporal.casa\/en\/prices\/"]}]},{"@type":"ImageObject","inLanguage":"en-US","@id":"https:\/\/atemporal.casa\/en\/prices\/#primaryimage","url":"https:\/\/atemporal.casa\/wp-content\/uploads\/2025\/06\/LA-DIFERENCIA-757x1024.webp","contentUrl":"https:\/\/atemporal.casa\/wp-content\/uploads\/2025\/06\/LA-DIFERENCIA-757x1024.webp"},{"@type":"BreadcrumbList","@id":"https:\/\/atemporal.casa\/en\/prices\/#breadcrumb","itemListElement":[{"@type":"ListItem","position":1,"name":"Home","item":"https:\/\/atemporal.casa\/en\/"},{"@type":"ListItem","position":2,"name":"Prices"}]},{"@type":"WebSite","@id":"https:\/\/atemporal.casa\/en\/#website","url":"https:\/\/atemporal.casa\/en\/","name":"atemporal.casa","description":"n Atemporal Home Interiors nos hemos consolidado como un referente clave en el sector de la alta decoraci\u00f3n, tanto en Espa\u00f1a como en el resto de Europa.","publisher":{"@id":"https:\/\/atemporal.casa\/en\/#organization"},"potentialAction":[{"@type":"SearchAction","target":{"@type":"EntryPoint","urlTemplate":"https:\/\/atemporal.casa\/en\/?s={search_term_string}"},"query-input":{"@type":"PropertyValueSpecification","valueRequired":true,"valueName":"search_term_string"}}],"inLanguage":"en-US"},{"@type":"Organization","@id":"https:\/\/atemporal.casa\/en\/#organization","name":"atemporal.casa","url":"https:\/\/atemporal.casa\/en\/","logo":{"@type":"ImageObject","inLanguage":"en-US","@id":"https:\/\/atemporal.casa\/en\/#\/schema\/logo\/image\/","url":"https:\/\/atemporal.casa\/wp-content\/uploads\/2025\/09\/cropped-LOGO-favicom-1.png","contentUrl":"https:\/\/atemporal.casa\/wp-content\/uploads\/2025\/09\/cropped-LOGO-favicom-1.png","width":512,"height":512,"caption":"atemporal.casa"},"image":{"@id":"https:\/\/atemporal.casa\/en\/#\/schema\/logo\/image\/"},"sameAs":["https:\/\/www.facebook.com\/atemporalhomeinteriors","https:\/\/www.instagram.com\/atemporalhomeinteriors\/"],"description":"Nuestros sof\u00e1s representan el equilibrio perfecto entre confort, elegancia y sofisticaci\u00f3n, convirti\u00e9ndose en la elecci\u00f3n ideal para elevar cualquier ambiente."}]}},"_links":{"self":[{"href":"https:\/\/atemporal.casa\/en\/wp-json\/wp\/v2\/pages\/8208","targetHints":{"allow":["GET"]}}],"collection":[{"href":"https:\/\/atemporal.casa\/en\/wp-json\/wp\/v2\/pages"}],"about":[{"href":"https:\/\/atemporal.casa\/en\/wp-json\/wp\/v2\/types\/page"}],"author":[{"embeddable":true,"href":"https:\/\/atemporal.casa\/en\/wp-json\/wp\/v2\/users\/2"}],"replies":[{"embeddable":true,"href":"https:\/\/atemporal.casa\/en\/wp-json\/wp\/v2\/comments?post=8208"}],"version-history":[{"count":0,"href":"https:\/\/atemporal.casa\/en\/wp-json\/wp\/v2\/pages\/8208\/revisions"}],"wp:attachment":[{"href":"https:\/\/atemporal.casa\/en\/wp-json\/wp\/v2\/media?parent=8208"}],"curies":[{"name":"wp","href":"https:\/\/api.w.org\/{rel}","templated":true}]}}