{"id":10222,"date":"2025-09-23T16:31:08","date_gmt":"2025-09-23T14:31:08","guid":{"rendered":"https:\/\/atemporal.casa\/cookie-policy\/"},"modified":"2025-09-23T18:43:00","modified_gmt":"2025-09-23T16:43:00","slug":"cookie-policy","status":"publish","type":"page","link":"https:\/\/atemporal.casa\/en\/cookie-policy\/","title":{"rendered":"COOKIE POLICY"},"content":{"rendered":"\t\t<div data-elementor-type=\"wp-page\" data-elementor-id=\"10222\" class=\"elementor elementor-10222 elementor-10180\" data-elementor-post-type=\"page\">\n\t\t\t\t<div class=\"elementor-element elementor-element-5565abc e-flex e-con-boxed e-con e-parent\" data-id=\"5565abc\" data-element_type=\"container\" data-e-type=\"container\">\n\t\t\t\t\t<div class=\"e-con-inner\">\n\t\t\t\t<div class=\"elementor-element elementor-element-6c9b6a2 elementor-widget elementor-widget-spacer\" data-id=\"6c9b6a2\" data-element_type=\"widget\" data-e-type=\"widget\" data-widget_type=\"spacer.default\">\n\t\t\t\t<div class=\"elementor-widget-container\">\n\t\t\t\t\t\t\t<div class=\"elementor-spacer\">\n\t\t\t<div class=\"elementor-spacer-inner\"><\/div>\n\t\t<\/div>\n\t\t\t\t\t\t<\/div>\n\t\t\t\t<\/div>\n\t\t\t\t<div class=\"elementor-element elementor-element-c14fe3f elementor-widget elementor-widget-text-editor\" data-id=\"c14fe3f\" data-element_type=\"widget\" data-e-type=\"widget\" data-widget_type=\"text-editor.default\">\n\t\t\t\t<div class=\"elementor-widget-container\">\n\t\t\t\t\t\t\t\t\tCookie Policy\t\t\t\t\t\t\t\t<\/div>\n\t\t\t\t<\/div>\n\t\t\t\t\t<\/div>\n\t\t\t\t<\/div>\n\t\t<div class=\"elementor-element elementor-element-2a6e7c3 e-flex e-con-boxed e-con e-parent\" data-id=\"2a6e7c3\" data-element_type=\"container\" data-e-type=\"container\">\n\t\t\t\t\t<div class=\"e-con-inner\">\n\t\t\t\t<div class=\"elementor-element elementor-element-2d85ff8 elementor-widget elementor-widget-text-editor\" data-id=\"2d85ff8\" data-element_type=\"widget\" data-e-type=\"widget\" data-widget_type=\"text-editor.default\">\n\t\t\t\t<div class=\"elementor-widget-container\">\n\t\t\t\t\t\t\t\t\t<p>In compliance with the duty of information contained in section 2 of article 22 of Law 34\/2002, of July 11, on Information Society Services and Electronic Commerce, the purpose of this cookie policy is to inform you clearly and precisely about the cookies used on the website of&nbsp;ATEMPORAL.CASA.<\/p>\n<p><span style=\"color: #333333; font-size: 23px; font-weight: 600;\">What are cookies?<\/span><\/p>\n<p>A cookie is a small file that websites send to your browser and download to your computer. Cookies allow the website to store and retrieve information about your visit, such as your preferred language and other options, in order to improve the services offered and contribute to a better user experience. <\/p>\n<h1>Authorization for the use of cookies<\/h1>\n<p>In accordance with the cookie notice appearing on the website, the user accepts that, by browsing the website, they expressly consent to the use of cookies as described below. However, the user may modify their browser settings to reject the use of cookies.<\/p>\n<h1>Types of cookies<\/h1>\n<p>Depending on who manages the domain from which the cookies are sent and the data is processed, a distinction will be made between first-party cookies and third-party cookies.<\/p>\n<p>Cookies can also be classified according to the length of time they remain stored in the user&#8217;s browser, distinguishing between session cookies and persistent cookies.<\/p>\n<p>Finally, depending on the purpose for which the collected information is processed, cookies can be classified into the following categories:<\/p>\n<p><strong>Technical cookies:<\/strong>&nbsp;They allow the user to navigate a website and use some of the services offered by it (such as those used to remember the items in a shopping cart).<\/p>\n<p><strong>Personalization cookies:<\/strong>&nbsp;They allow the user to access the website with certain characteristics, such as language.<\/p>\n<p><strong>Security cookies:<\/strong>&nbsp;They serve to prevent or hinder attacks against the website.<\/p>\n<p><strong>Social sharing add-on cookies:<\/strong>&nbsp;the so-called plug-ins, which allow you to share content on social networks.<\/p>\n<p><strong>Analytical cookies:<\/strong>&nbsp;allow the controller to monitor user behavior.<\/p>\n<p><strong>Advertising cookies:<\/strong>&nbsp;allow you to manage the advertising spaces on the website.<\/p>\n<p><strong>Behavioral advertising cookies:<\/strong>&nbsp;Like the previous ones, they are used to manage the website&#8217;s advertising spaces based on information collected about user behavior and habits, adapting advertising to the user&#8217;s profile.<\/p>\n<p><strong>Geolocation cookies:<\/strong>&nbsp;used to find out the country where the user is located.<\/p>\n<h1>How to modify cookie settings<\/h1>\n<p>You can restrict, block, or delete cookies from ATEMPORAL.CASA or any other website using your browser. The procedure varies depending on each browser; you can find how to do this in your browser&#8217;s Help menu, which explains how to delete them. For more information:  <\/p>\n<p>Google Chrome:&nbsp;<a href=\"https:\/\/support.google.com\/chrome\/answer\/95647?co=GENIE.Platform%253DDesktop&amp;hl=es\" target=\"_blank\" rel=\"noopener\">https:\/\/support.google.com\/chrome\/answer\/95647?co=GENIE.Platform%3DDesktop&amp;hl=es<\/a><\/p>\n<p>Mozilla Firefox:&nbsp;<a href=\"https:\/\/support.mozilla.org\/es\/kb\/habilitar-y-deshabilitar-cookies-sitios-web-rastrear-preferencias\" target=\"_blank\" rel=\"noopener\">https:\/\/support.mozilla.org\/es\/kb\/habilitar-y-deshabilitar-cookies-sitios-web-rastrear-preferencias<\/a><\/p>\n<p>Safari:&nbsp;<a href=\"https:\/\/support.apple.com\/es-es\/guide\/safari\/sfri11471\/mac\" target=\"_blank\" rel=\"noopener\">https:\/\/support.apple.com\/es-es\/guide\/safari\/sfri11471\/ma<\/a>c<\/p>\n<p>Internet Explorer:&nbsp;<a href=\"https:\/\/support.microsoft.com\/es-es\/help\/278835\/how-to-delete-cookie-files-in-internet-explorer\" target=\"_blank\" rel=\"noopener\">https:\/\/support.microsoft.com\/es-es\/help\/278835\/how-to-delete-cookie-files-in-internet-explore<\/a>r<\/p>\n<p>Disabling cookies may prevent the website from functioning properly or prevent you from accessing certain features.<\/p>\n<h1>Cookies used on the website<\/h1>\n<p>Different types of cookies are used on the website for different purposes. The cookies used are listed below:<\/p>\n<p>Technical cookies:&nbsp;They allow the user to navigate a website and use some of the services offered by it (such as those used to remember the items in a shopping cart).<\/p>\n<p>Personalization cookies:&nbsp;permiten que el usuario acceda al sitio web con unas caracter\u00edsticas determinadas, como puede ser el idioma.<\/p>\n<p>Security cookies:&nbsp;are used to prevent or hinder attacks against the website.<\/p>\n<p>Social content sharing plugin cookies:&nbsp;so-called plug-ins, which allow content to be shared on social networks.<\/p>\n<p>Analysis cookies:&nbsp;allow the controller to track user behavior.<\/p>\n<p>Advertising cookies:&nbsp;allow you to manage the website&#8217;s advertising spaces.<\/p>\n<p>Behavioral advertising cookies: &lt; wpml_nbsp &gt;like the previous ones, they are used to manage the website&#8217;s advertising spaces based on the information collected about the user&#8217;s behavior and habits, adapting the advertising to the user&#8217;s profile.<\/p>\n<p>Geolocation cookies:&nbsp;used to find out the country where the user is located.<\/p>\n<h1>Modification of the conditions<\/h1>\n<p>VALCA HOME SL expressly reserves the right to unilaterally modify this Cookie Policy, in whole or in part, without prior notice. The user acknowledges and accepts that it is their responsibility to review this Cookie Policy. <\/p>\t\t\t\t\t\t\t\t<\/div>\n\t\t\t\t<\/div>\n\t\t\t\t\t<\/div>\n\t\t\t\t<\/div>\n\t\t<div class=\"elementor-element elementor-element-e073b59 e-flex e-con-boxed e-con e-parent\" data-id=\"e073b59\" data-element_type=\"container\" data-e-type=\"container\">\n\t\t\t\t\t<div class=\"e-con-inner\">\n\t\t\t\t<div class=\"elementor-element elementor-element-19ac714 elementor-widget elementor-widget-spacer\" data-id=\"19ac714\" data-element_type=\"widget\" data-e-type=\"widget\" data-widget_type=\"spacer.default\">\n\t\t\t\t<div class=\"elementor-widget-container\">\n\t\t\t\t\t\t\t<div class=\"elementor-spacer\">\n\t\t\t<div class=\"elementor-spacer-inner\"><\/div>\n\t\t<\/div>\n\t\t\t\t\t\t<\/div>\n\t\t\t\t<\/div>\n\t\t\t\t\t<\/div>\n\t\t\t\t<\/div>\n\t\t\t\t<\/div>\n\t\t","protected":false},"excerpt":{"rendered":"<p>Cookie Policy In compliance with the duty of information contained in section 2 of article 22 of Law 34\/2002, of July 11, on Information Society Services and Electronic Commerce, the purpose of this cookie policy is to inform you clearly and precisely about the cookies used on the website of&nbsp;ATEMPORAL.CASA. What are cookies? A cookie [&hellip;]<\/p>\n","protected":false},"author":1,"featured_media":0,"parent":0,"menu_order":0,"comment_status":"closed","ping_status":"closed","template":"elementor_header_footer","meta":{"ocean_post_layout":"","ocean_both_sidebars_style":"","ocean_both_sidebars_content_width":0,"ocean_both_sidebars_sidebars_width":0,"ocean_sidebar":"","ocean_second_sidebar":"","ocean_disable_margins":"enable","ocean_add_body_class":"","ocean_shortcode_before_top_bar":"","ocean_shortcode_after_top_bar":"","ocean_shortcode_before_header":"","ocean_shortcode_after_header":"","ocean_has_shortcode":"","ocean_shortcode_after_title":"","ocean_shortcode_before_footer_widgets":"","ocean_shortcode_after_footer_widgets":"","ocean_shortcode_before_footer_bottom":"","ocean_shortcode_after_footer_bottom":"","ocean_display_top_bar":"default","ocean_display_header":"default","ocean_header_style":"","ocean_center_header_left_menu":"","ocean_custom_header_template":"","ocean_custom_logo":0,"ocean_custom_retina_logo":0,"ocean_custom_logo_max_width":0,"ocean_custom_logo_tablet_max_width":0,"ocean_custom_logo_mobile_max_width":0,"ocean_custom_logo_max_height":0,"ocean_custom_logo_tablet_max_height":0,"ocean_custom_logo_mobile_max_height":0,"ocean_header_custom_menu":"","ocean_menu_typo_font_family":"","ocean_menu_typo_font_subset":"","ocean_menu_typo_font_size":0,"ocean_menu_typo_font_size_tablet":0,"ocean_menu_typo_font_size_mobile":0,"ocean_menu_typo_font_size_unit":"px","ocean_menu_typo_font_weight":"","ocean_menu_typo_font_weight_tablet":"","ocean_menu_typo_font_weight_mobile":"","ocean_menu_typo_transform":"","ocean_menu_typo_transform_tablet":"","ocean_menu_typo_transform_mobile":"","ocean_menu_typo_line_height":0,"ocean_menu_typo_line_height_tablet":0,"ocean_menu_typo_line_height_mobile":0,"ocean_menu_typo_line_height_unit":"","ocean_menu_typo_spacing":0,"ocean_menu_typo_spacing_tablet":0,"ocean_menu_typo_spacing_mobile":0,"ocean_menu_typo_spacing_unit":"","ocean_menu_link_color":"","ocean_menu_link_color_hover":"","ocean_menu_link_color_active":"","ocean_menu_link_background":"","ocean_menu_link_hover_background":"","ocean_menu_link_active_background":"","ocean_menu_social_links_bg":"","ocean_menu_social_hover_links_bg":"","ocean_menu_social_links_color":"","ocean_menu_social_hover_links_color":"","ocean_disable_title":"default","ocean_disable_heading":"default","ocean_post_title":"","ocean_post_subheading":"","ocean_post_title_style":"","ocean_post_title_background_color":"","ocean_post_title_background":0,"ocean_post_title_bg_image_position":"","ocean_post_title_bg_image_attachment":"","ocean_post_title_bg_image_repeat":"","ocean_post_title_bg_image_size":"","ocean_post_title_height":0,"ocean_post_title_bg_overlay":0.5,"ocean_post_title_bg_overlay_color":"","ocean_disable_breadcrumbs":"default","ocean_breadcrumbs_color":"","ocean_breadcrumbs_separator_color":"","ocean_breadcrumbs_links_color":"","ocean_breadcrumbs_links_hover_color":"","ocean_display_footer_widgets":"default","ocean_display_footer_bottom":"default","ocean_custom_footer_template":"","footnotes":""},"class_list":["post-10222","page","type-page","status-publish","hentry","entry","owp-thumbs-layout-horizontal","owp-btn-normal","owp-tabs-layout-horizontal","has-no-thumbnails","has-product-nav"],"yoast_head":"<!-- This site is optimized with the Yoast SEO Premium plugin v27.1 (Yoast SEO v27.4) - https:\/\/yoast.com\/product\/yoast-seo-premium-wordpress\/ -->\n<title>COOKIE POLICY - ATEMPORAL Ethical Home Interiors<\/title>\n<meta name=\"robots\" content=\"index, follow, max-snippet:-1, max-image-preview:large, max-video-preview:-1\" \/>\n<link rel=\"canonical\" href=\"https:\/\/atemporal.casa\/en\/cookie-policy\/\" \/>\n<meta property=\"og:locale\" content=\"en_US\" \/>\n<meta property=\"og:type\" content=\"article\" \/>\n<meta property=\"og:title\" content=\"COOKIE POLICY\" \/>\n<meta property=\"og:description\" content=\"Cookie Policy In compliance with the duty of information contained in section 2 of article 22 of Law 34\/2002, of July 11, on Information Society Services and Electronic Commerce, the purpose of this cookie policy is to inform you clearly and precisely about the cookies used on the website of&nbsp;ATEMPORAL.CASA. What are cookies? A cookie [&hellip;]\" \/>\n<meta property=\"og:url\" content=\"https:\/\/atemporal.casa\/en\/cookie-policy\/\" \/>\n<meta property=\"og:site_name\" content=\"ATEMPORAL Ethical Home Interiors\" \/>\n<meta property=\"article:publisher\" content=\"https:\/\/www.facebook.com\/atemporalhomeinteriors\" \/>\n<meta property=\"article:modified_time\" content=\"2025-09-23T16:43:00+00:00\" \/>\n<meta name=\"twitter:card\" content=\"summary_large_image\" \/>\n<meta name=\"twitter:label1\" content=\"Est. reading time\" \/>\n\t<meta name=\"twitter:data1\" content=\"4 minutes\" \/>\n<script type=\"application\/ld+json\" class=\"yoast-schema-graph\">{\"@context\":\"https:\\\/\\\/schema.org\",\"@graph\":[{\"@type\":\"WebPage\",\"@id\":\"https:\\\/\\\/atemporal.casa\\\/en\\\/cookie-policy\\\/\",\"url\":\"https:\\\/\\\/atemporal.casa\\\/en\\\/cookie-policy\\\/\",\"name\":\"COOKIE POLICY - ATEMPORAL Ethical Home Interiors\",\"isPartOf\":{\"@id\":\"https:\\\/\\\/atemporal.casa\\\/en\\\/#website\"},\"datePublished\":\"2025-09-23T14:31:08+00:00\",\"dateModified\":\"2025-09-23T16:43:00+00:00\",\"breadcrumb\":{\"@id\":\"https:\\\/\\\/atemporal.casa\\\/en\\\/cookie-policy\\\/#breadcrumb\"},\"inLanguage\":\"en-US\",\"potentialAction\":[{\"@type\":\"ReadAction\",\"target\":[\"https:\\\/\\\/atemporal.casa\\\/en\\\/cookie-policy\\\/\"]}]},{\"@type\":\"BreadcrumbList\",\"@id\":\"https:\\\/\\\/atemporal.casa\\\/en\\\/cookie-policy\\\/#breadcrumb\",\"itemListElement\":[{\"@type\":\"ListItem\",\"position\":1,\"name\":\"Home\",\"item\":\"https:\\\/\\\/atemporal.casa\\\/en\\\/\"},{\"@type\":\"ListItem\",\"position\":2,\"name\":\"COOKIE POLICY\"}]},{\"@type\":\"WebSite\",\"@id\":\"https:\\\/\\\/atemporal.casa\\\/en\\\/#website\",\"url\":\"https:\\\/\\\/atemporal.casa\\\/en\\\/\",\"name\":\"atemporal.casa\",\"description\":\"n Atemporal Home Interiors nos hemos consolidado como un referente clave en el sector de la alta decoraci\u00f3n, tanto en Espa\u00f1a como en el resto de Europa.\",\"publisher\":{\"@id\":\"https:\\\/\\\/atemporal.casa\\\/en\\\/#organization\"},\"potentialAction\":[{\"@type\":\"SearchAction\",\"target\":{\"@type\":\"EntryPoint\",\"urlTemplate\":\"https:\\\/\\\/atemporal.casa\\\/en\\\/?s={search_term_string}\"},\"query-input\":{\"@type\":\"PropertyValueSpecification\",\"valueRequired\":true,\"valueName\":\"search_term_string\"}}],\"inLanguage\":\"en-US\"},{\"@type\":\"Organization\",\"@id\":\"https:\\\/\\\/atemporal.casa\\\/en\\\/#organization\",\"name\":\"atemporal.casa\",\"url\":\"https:\\\/\\\/atemporal.casa\\\/en\\\/\",\"logo\":{\"@type\":\"ImageObject\",\"inLanguage\":\"en-US\",\"@id\":\"https:\\\/\\\/atemporal.casa\\\/en\\\/#\\\/schema\\\/logo\\\/image\\\/\",\"url\":\"https:\\\/\\\/atemporal.casa\\\/wp-content\\\/uploads\\\/2025\\\/09\\\/cropped-LOGO-favicom-1.png\",\"contentUrl\":\"https:\\\/\\\/atemporal.casa\\\/wp-content\\\/uploads\\\/2025\\\/09\\\/cropped-LOGO-favicom-1.png\",\"width\":512,\"height\":512,\"caption\":\"atemporal.casa\"},\"image\":{\"@id\":\"https:\\\/\\\/atemporal.casa\\\/en\\\/#\\\/schema\\\/logo\\\/image\\\/\"},\"sameAs\":[\"https:\\\/\\\/www.facebook.com\\\/atemporalhomeinteriors\",\"https:\\\/\\\/www.instagram.com\\\/atemporalhomeinteriors\\\/\"],\"description\":\"Nuestros sof\u00e1s representan el equilibrio perfecto entre confort, elegancia y sofisticaci\u00f3n, convirti\u00e9ndose en la elecci\u00f3n ideal para elevar cualquier ambiente.\"}]}<\/script>\n<!-- \/ Yoast SEO Premium plugin. -->","yoast_head_json":{"title":"COOKIE POLICY - ATEMPORAL Ethical Home Interiors","robots":{"index":"index","follow":"follow","max-snippet":"max-snippet:-1","max-image-preview":"max-image-preview:large","max-video-preview":"max-video-preview:-1"},"canonical":"https:\/\/atemporal.casa\/en\/cookie-policy\/","og_locale":"en_US","og_type":"article","og_title":"COOKIE POLICY","og_description":"Cookie Policy In compliance with the duty of information contained in section 2 of article 22 of Law 34\/2002, of July 11, on Information Society Services and Electronic Commerce, the purpose of this cookie policy is to inform you clearly and precisely about the cookies used on the website of&nbsp;ATEMPORAL.CASA. What are cookies? A cookie [&hellip;]","og_url":"https:\/\/atemporal.casa\/en\/cookie-policy\/","og_site_name":"ATEMPORAL Ethical Home Interiors","article_publisher":"https:\/\/www.facebook.com\/atemporalhomeinteriors","article_modified_time":"2025-09-23T16:43:00+00:00","twitter_card":"summary_large_image","twitter_misc":{"Est. reading time":"4 minutes"},"schema":{"@context":"https:\/\/schema.org","@graph":[{"@type":"WebPage","@id":"https:\/\/atemporal.casa\/en\/cookie-policy\/","url":"https:\/\/atemporal.casa\/en\/cookie-policy\/","name":"COOKIE POLICY - ATEMPORAL Ethical Home Interiors","isPartOf":{"@id":"https:\/\/atemporal.casa\/en\/#website"},"datePublished":"2025-09-23T14:31:08+00:00","dateModified":"2025-09-23T16:43:00+00:00","breadcrumb":{"@id":"https:\/\/atemporal.casa\/en\/cookie-policy\/#breadcrumb"},"inLanguage":"en-US","potentialAction":[{"@type":"ReadAction","target":["https:\/\/atemporal.casa\/en\/cookie-policy\/"]}]},{"@type":"BreadcrumbList","@id":"https:\/\/atemporal.casa\/en\/cookie-policy\/#breadcrumb","itemListElement":[{"@type":"ListItem","position":1,"name":"Home","item":"https:\/\/atemporal.casa\/en\/"},{"@type":"ListItem","position":2,"name":"COOKIE POLICY"}]},{"@type":"WebSite","@id":"https:\/\/atemporal.casa\/en\/#website","url":"https:\/\/atemporal.casa\/en\/","name":"atemporal.casa","description":"n Atemporal Home Interiors nos hemos consolidado como un referente clave en el sector de la alta decoraci\u00f3n, tanto en Espa\u00f1a como en el resto de Europa.","publisher":{"@id":"https:\/\/atemporal.casa\/en\/#organization"},"potentialAction":[{"@type":"SearchAction","target":{"@type":"EntryPoint","urlTemplate":"https:\/\/atemporal.casa\/en\/?s={search_term_string}"},"query-input":{"@type":"PropertyValueSpecification","valueRequired":true,"valueName":"search_term_string"}}],"inLanguage":"en-US"},{"@type":"Organization","@id":"https:\/\/atemporal.casa\/en\/#organization","name":"atemporal.casa","url":"https:\/\/atemporal.casa\/en\/","logo":{"@type":"ImageObject","inLanguage":"en-US","@id":"https:\/\/atemporal.casa\/en\/#\/schema\/logo\/image\/","url":"https:\/\/atemporal.casa\/wp-content\/uploads\/2025\/09\/cropped-LOGO-favicom-1.png","contentUrl":"https:\/\/atemporal.casa\/wp-content\/uploads\/2025\/09\/cropped-LOGO-favicom-1.png","width":512,"height":512,"caption":"atemporal.casa"},"image":{"@id":"https:\/\/atemporal.casa\/en\/#\/schema\/logo\/image\/"},"sameAs":["https:\/\/www.facebook.com\/atemporalhomeinteriors","https:\/\/www.instagram.com\/atemporalhomeinteriors\/"],"description":"Nuestros sof\u00e1s representan el equilibrio perfecto entre confort, elegancia y sofisticaci\u00f3n, convirti\u00e9ndose en la elecci\u00f3n ideal para elevar cualquier ambiente."}]}},"_links":{"self":[{"href":"https:\/\/atemporal.casa\/en\/wp-json\/wp\/v2\/pages\/10222","targetHints":{"allow":["GET"]}}],"collection":[{"href":"https:\/\/atemporal.casa\/en\/wp-json\/wp\/v2\/pages"}],"about":[{"href":"https:\/\/atemporal.casa\/en\/wp-json\/wp\/v2\/types\/page"}],"author":[{"embeddable":true,"href":"https:\/\/atemporal.casa\/en\/wp-json\/wp\/v2\/users\/1"}],"replies":[{"embeddable":true,"href":"https:\/\/atemporal.casa\/en\/wp-json\/wp\/v2\/comments?post=10222"}],"version-history":[{"count":0,"href":"https:\/\/atemporal.casa\/en\/wp-json\/wp\/v2\/pages\/10222\/revisions"}],"wp:attachment":[{"href":"https:\/\/atemporal.casa\/en\/wp-json\/wp\/v2\/media?parent=10222"}],"curies":[{"name":"wp","href":"https:\/\/api.w.org\/{rel}","templated":true}]}}